{"id":218,"date":"2023-03-21T11:55:56","date_gmt":"2023-03-21T10:55:56","guid":{"rendered":"https:\/\/boost4u.io\/?page_id=218"},"modified":"2024-09-11T08:26:45","modified_gmt":"2024-09-11T07:26:45","slug":"terms-and-conditions","status":"publish","type":"page","link":"https:\/\/boost4u.io\/en\/agbs\/","title":{"rendered":"Terms and Conditions"},"content":{"rendered":"\t\t<div data-elementor-type=\"wp-page\" data-elementor-id=\"218\" class=\"elementor elementor-218\" data-elementor-settings=\"{&quot;element_pack_global_tooltip_width&quot;:{&quot;unit&quot;:&quot;px&quot;,&quot;size&quot;:&quot;&quot;,&quot;sizes&quot;:[]},&quot;element_pack_global_tooltip_width_tablet&quot;:{&quot;unit&quot;:&quot;px&quot;,&quot;size&quot;:&quot;&quot;,&quot;sizes&quot;:[]},&quot;element_pack_global_tooltip_width_mobile&quot;:{&quot;unit&quot;:&quot;px&quot;,&quot;size&quot;:&quot;&quot;,&quot;sizes&quot;:[]},&quot;element_pack_global_tooltip_padding&quot;:{&quot;unit&quot;:&quot;px&quot;,&quot;top&quot;:&quot;&quot;,&quot;right&quot;:&quot;&quot;,&quot;bottom&quot;:&quot;&quot;,&quot;left&quot;:&quot;&quot;,&quot;isLinked&quot;:true},&quot;element_pack_global_tooltip_padding_tablet&quot;:{&quot;unit&quot;:&quot;px&quot;,&quot;top&quot;:&quot;&quot;,&quot;right&quot;:&quot;&quot;,&quot;bottom&quot;:&quot;&quot;,&quot;left&quot;:&quot;&quot;,&quot;isLinked&quot;:true},&quot;element_pack_global_tooltip_padding_mobile&quot;:{&quot;unit&quot;:&quot;px&quot;,&quot;top&quot;:&quot;&quot;,&quot;right&quot;:&quot;&quot;,&quot;bottom&quot;:&quot;&quot;,&quot;left&quot;:&quot;&quot;,&quot;isLinked&quot;:true},&quot;element_pack_global_tooltip_border_radius&quot;:{&quot;unit&quot;:&quot;px&quot;,&quot;top&quot;:&quot;&quot;,&quot;right&quot;:&quot;&quot;,&quot;bottom&quot;:&quot;&quot;,&quot;left&quot;:&quot;&quot;,&quot;isLinked&quot;:true},&quot;element_pack_global_tooltip_border_radius_tablet&quot;:{&quot;unit&quot;:&quot;px&quot;,&quot;top&quot;:&quot;&quot;,&quot;right&quot;:&quot;&quot;,&quot;bottom&quot;:&quot;&quot;,&quot;left&quot;:&quot;&quot;,&quot;isLinked&quot;:true},&quot;element_pack_global_tooltip_border_radius_mobile&quot;:{&quot;unit&quot;:&quot;px&quot;,&quot;top&quot;:&quot;&quot;,&quot;right&quot;:&quot;&quot;,&quot;bottom&quot;:&quot;&quot;,&quot;left&quot;:&quot;&quot;,&quot;isLinked&quot;:true}}\" data-elementor-post-type=\"page\">\n\t\t\t\t<div class=\"elementor-element elementor-element-18884fb9 e-flex e-con-boxed e-con e-parent\" data-id=\"18884fb9\" data-element_type=\"container\" data-e-type=\"container\">\n\t\t\t\t\t<div class=\"e-con-inner\">\n\t\t\t\t<div class=\"elementor-element elementor-element-5ede9a29 elementor-widget elementor-widget-text-editor\" data-id=\"5ede9a29\" data-element_type=\"widget\" data-e-type=\"widget\" data-widget_type=\"text-editor.default\">\n\t\t\t\t<div class=\"elementor-widget-container\">\n\t\t\t\t\t\t\t\t\t\n<p><strong>Boost4YOU<\/strong> <strong>&nbsp;<\/strong><\/p>\n\n\n\n<p><strong>Allgemeine Gesch\u00e4ftsbedingungen<\/strong><\/p>\n\n\n\n<p><strong>Zuletzt <\/strong><strong>ge\u00e4ndert:<\/strong><strong> <\/strong><strong>14.08.2023<\/strong><\/p>\n\n\n\n<p>Willkommen bei Boost4YOU S.A.R.L<\/p>\n\n\n\n<p>Boost4YOU S.A.R.L, bieten Webseitenfunktionalit\u00e4ten und andere Produkte und Services an, wenn Sie die Boost4YOU-Webseite (die &#8222;Webseite&#8220;) nutzen oder Services von Boost4YOU nutzen, Boost4YOU Mobile-Applikationen verwenden. Bitte lesen Sie unsere&nbsp;<a href=\"https:\/\/boost4u.io\/datenschutzerklaerung\/\" data-type=\"link\" data-id=\"https:\/\/boost4u.io\/datenschutzerklaerung\/\">Datenschutzerkl\u00e4rung<\/a>, unsere&nbsp;<a href=\"https:\/\/boost4u.io\/cookies\/\" data-type=\"link\" data-id=\"https:\/\/boost4u.io\/cookies\/\">Hinweise zu Cookies<\/a>&nbsp;um zu verstehen, wie wir Ihre pers\u00f6nlichen Information durch Boost4YOU Services erfassen und verarbeiten. Boost4YOU stellt die Boost4YOU Services zu den auf dieser Seite angegebenen Allgemeinen Gesch\u00e4ftsbedingungen bereit. Boost4YOU ist der Handelsname.<\/p>\n\n\n\n<p>Unsere Allgemeinen Gesch\u00e4ftsbedingungen finden Sie bitte auf unserer Hilfeseite <a href=\"https:\/\/boost4u.io\/agbs\/\" data-type=\"link\" data-id=\"https:\/\/boost4u.io\/agbs\/\">Nutzungsbedingungen<\/a><\/p>\n\n\n\n<h2 class=\"wp-block-heading\">Nutzungsbedingungen&nbsp;<\/h2>\n\n\n\n<p>Stand: [09 \/ 2023]<\/p>\n\n\n\n<h3 class=\"wp-block-heading\">1. Vertragsgegenstand, Geltung dieser Nutzungsbedingungen<\/h3>\n\n\n\n<p>1.1&nbsp;Boost4YOU S.A.R.L, 6, rue L\u00e9andre Lacroix, 1913 Luxembourg (Luxembourg) (im Folgenden \u201eBoost4u\u201c) bietet die folgenden Dienstleistungen (im Folgenden \u201eServices\u201c) an. Die Services werden \u00fcber online unter&nbsp;<a href=\"https:\/\/boost4u.io\/\">https:\/\/boost4u.io<\/a>, allenfalls unter Verwendung einer entsprechenden Software-Applikation, bereitgestellten Plattform \u201eBoost4u\u201c (im Folgenden \u201ePlattform\u201c) erbracht.<\/p>\n\n\n\n<p>Folgende Services stehen f\u00fcr Sie zur Verf\u00fcgung:<\/p>\n\n\n\n<p>(a) Vermittlung und Organisation von Kontakten zwischen beratenden NutzerInnen der Plattform (im Folgenden \u201eBeraterInnen\u201c) und ratsuchenden NutzerIinnen der Plattform (im Folgenden \u201eKundInnen\u201c)<\/p>\n\n\n\n<p>(b) Bereitstellung ad\u00e4quater Kommunikationswege f\u00fcr BeraterInnen und KundInnen im Hinblick auf eine digitale Inanspruchnahme begleitender psychologischer Beratungsleistungen (wie z.B. Beratungsleistungen)<\/p>\n\n\n\n<p>(c) der zur Verf\u00fcgungstellung von Online-Inhalten (z.B. Aufkl\u00e4rungsinhalte und ggf. \u00dcbungen).<\/p>\n\n\n\n<p>1.2&nbsp;F\u00fcr die Nutzung der Services von Boost4u sind eine pers\u00f6nliche Registrierung und Bestellung unter&nbsp;<a href=\"https:\/\/boost4u.io\/\">https:\/\/boost4u.io<\/a>erforderlich. Die Bestellung ist hierbei als ein Angebot der KundInnen an Boost4u nach Abschluss eines Vertrages definiert. Bei erfolgreicher Registrierung und Buchung erfolgt zur Dokumentation dargestellten Vorg\u00e4nge der Versand eine standardisierten Best\u00e4tigung an die kundenseitig hinterlegte &nbsp;E-Mail Adresse. Erst mit Best\u00e4tigung des versandten Aktivierungslinks ist der Registrierungsprozess abgeschlossen. Mit der Best\u00e4tigung durch Boost4u (Annahme des Angebotes der KundInnen) entsteht ein Vertragsverh\u00e4ltnis zwischen Boost4u und den KundInnen.<br><\/p>\n\n\n\n<p>Dieses Vertragsverh\u00e4ltnis richtet sich nach den Bestimmungen der hinterlegten Nutzungsbedingungen.<\/p>\n\n\n\n<p>1.3&nbsp;Die Kontaktaufnahme zwischen BeraterInnen und KundInnen erfolgt \u00fcber ein individuelles User-Interface \/ Plattform mit ausgew\u00e4hlten, im Partnernetzwerk von Boost4u gef\u00fchrten BeraterInnen. Mit diesen BeraterInnen kann eine digitale Online-Beratung in unterschiedlichen Modalit\u00e4ten erfolgen.&nbsp;<br><br>Die durch BeraterInnen erbrachten Beratungsleistungen unter Nutzung der Plattform sind kostenpflichtig. Die Bezahlung erfolgt direkt per Zahlungsmittel durch die KundInnen. Nur so kommt ein g\u00fcltiger Vertrag zu Stande. Beratungen k\u00f6nnen nur nach erfolgtem Vertragsabschluss gem\u00e4\u00df Punkt 1.2 erfolgen. Sowohl BeraterInnen als auch KundInnen dient ein eigener, sicherer Weg zur Kommunikation. Eine detaillierte Darstellung und Erl\u00e4uterung der Services findet sich auf der Website oder in der mobilen Anwendung.<\/p>\n\n\n\n<p>1.3&nbsp;Boost4u ist reiner Vermittler von Kontakten und Bereitsteller digitaler Kommunikationswege (Access Service Provider) und stellt als solcher die technische Verf\u00fcgbarkeit der Plattform sicher. Boost4u hat keine Kenntnis \u00fcber den Umfang und den Inhalt der Beratungen.<\/p>\n\n\n\n<p>1.4&nbsp;Der Beratungsvertrag besteht im Verh\u00e4ltnis BeraterInnen und KundInnen, wobei die Beratungsleistung ausschlie\u00dflich im Verh\u00e4ltnis zwischen BeraterInnen und KundInnen erbracht. Rechte und Pflichten sowie Anspr\u00fcche aus einer Beratung und darin erteilten Ausk\u00fcnften bestehen daher auch ausschlie\u00dflich zwischen BeraterInnen und KundInnen.<\/p>\n\n\n\n<p>1.5&nbsp;Ausk\u00fcnfte der BeraterInnen im Rahmen einer Beratung \u00fcber die Plattform sind weder dazu geeignet oder bestimmt, eine Therapie\/Behandlung bei psychischen Erkrankungen zu ersetzen. Wir empfehlen den NutzerInnen im Bedarfsfall eine(n) Arzt\/\u00c4rztin, Psychol. PsychotherapeutInnen, Kinder- und Jugendlichenpsychothera-peutInnen oder fachlich geeignete(n) BeraterIn zu konsultieren. Die Best\u00e4tigung des Sachverhaltes durch den\/ die KundInnen ist erforderlich.<\/p>\n\n\n\n<h3 class=\"wp-block-heading\">2. \u00c4nderung der Nutzungsbedingungen und der Services<\/h3>\n\n\n\n<p>2.1&nbsp;Art und Umfang der Services unterliegen kontinuierlichen Ver\u00e4nderungen. In Folge dessen k\u00f6nnen sich &nbsp;einzelne Aspekte des Services in Art, Umfang und Funktionalit\u00e4t ver\u00e4ndern. Die aktuelle Fassung der Nutzungsbedingungen ist jederzeit auf der Website unter&nbsp;<a href=\"https:\/\/boost4u.io\/agbs\">https:\/\/boost4u.io\/agbs<\/a>&nbsp;&nbsp;abrufbar.<\/p>\n\n\n\n<p>Sollte eine Aktualisierung der Nutzungsbedingungen durch &nbsp;Boost4u erfolgen (Erg\u00e4nzung, \u00c4nderung, Erweiterung), gilt das Folgende:<\/p>\n\n\n\n<p>2.2&nbsp;Auf die Aktualisierungen nach 2.1. werden KundInnen durch eine entsprechende \u00c4nderungsmitteilung an die von den KundInnen f\u00fcr Korrespondenz-zwecke mitgeteilte E-Mail-Adresse und\/oder beim Log-In auf der Website aufmerksam gemacht.<\/p>\n\n\n\n<p>Die Zustimmung zu den \u00c4nderungen und\/oder Erg\u00e4nzungen gilt dann als erteilt, sofern KundInnen der \u00c4nderung nach 2.1. nicht innerhalb von 6 Wochen nach Zugang der \u00c4nderungsmitteilung schriftlich (per E-Mail) widersprechen. Boost4u wird die KundInnen im Rahmen der \u00c4nderungsmitteilung auf die potenziellen Folgen eines unterlassenen Widerspruchs hinweisen.<\/p>\n\n\n\n<p>2.3&nbsp;Widersprechen KundInnen den mitgeteilten \u00c4nderungen und\/oder Erg\u00e4nzungen gem\u00e4\u00df Punkt 2.2, wird der Vertrag zum n\u00e4chstm\u00f6glichen K\u00fcndigungstermin beendet. KundInnen haben sodann die M\u00f6glichkeit, den Nutzeraccount in der Sektion \u201epers\u00f6nliche Einstellungen\u201c selbst zu l\u00f6schen.&nbsp;Ansonsten erfolgt die L\u00f6schung des Nutzeraccounts durch Boost4u zum n\u00e4chstm\u00f6glichen Zeitpunkt.<\/p>\n\n\n\n<h3 class=\"wp-block-heading\">3. Nutzeraccount und Verwendung der Services<\/h3>\n\n\n\n<p>3.1&nbsp;Alle registrierten NutzerInnen erhalten, den AGB entsprechend, zeitlich unbefristet einen eigenen Nutzeraccount.&nbsp;<\/p>\n\n\n\n<p>3.2&nbsp;Im Zuge der Registrierung auf der Plattform ist die Eingabe eines individuellen, frei w\u00e4hlbaren Benutzernamens (Pseudonym usw.) m\u00f6glich. Weiterhin ist die Nutzung eines unseren Passwortrichtlinien entsprechenden, frei w\u00e4hlbaren Passwortes erforderlich. Nutzeraccounts und s\u00e4mtliche damit verbundenen Inhalte d\u00fcrfen nicht auf Dritte \u00fcbertragen werden. Auch der Benutzername und das Passwort sind streng vertraulich zu behandeln und d\u00fcrfen Dritten nicht zug\u00e4nglich gemacht werden. Haben KundInnen den Verdacht, dass das Passwort einem Dritten bekannt geworden ist, m\u00fcssen Sie Boost4u unverz\u00fcglich verst\u00e4ndigen, damit das Passwort gesperrt oder ge\u00e4ndert werden kann. Im Missbrauchsfall haften die KundInnen nach Ma\u00dfgabe der von ihm aufgewendeten Sorgfalt.&nbsp;<\/p>\n\n\n\n<p>3.3&nbsp;Der Nutzer hat eine g\u00fcltige E-Mail Adresse anzugeben und stimmt zu, rechtlich relevante Mitteilungen an diese E-Mail Adresse zu empfangen. Mit der Registrierung, Einrichtung eines Nutzeraccounts sowie Inanspruchnahme der Services erkl\u00e4rt sich der Nutzer mit der Erhebung, Verarbeitung und Nutzung seiner personenbezogenen Daten in Entsprechung mit den Datenschutzbestimmungen von Boost4u einverstanden. Die weiterf\u00fchrenden &nbsp;Informationen zur Datenverarbeitung finden sich in der Datenschutzerkl\u00e4rung von Boost4u (abrufbar auf&nbsp;<a href=\"https:\/\/boost4u.io\/datenschutzerklaerung\/\">https:\/\/boost4u.io\/datenschutzerklaerung\/<\/a>&nbsp;).<\/p>\n\n\n\n<p>3.4&nbsp;Mit Registrierung und Einrichtung eines Nutzeraccounts, sowie der Verwendung der Services best\u00e4tigen die KundInnen, dass sie nach den Bestimmungen des anwendbaren Rechts f\u00fcr die vereinbarungsgem\u00e4\u00dfe Nutzung der Services ausreichend gesch\u00e4ftsf\u00e4hig ist. Personen unter 18 Jahren k\u00f6nnen die Services nur nutzen, sofern bei Einrichtung des Nutzeraccounts die Zustimmung durch einen Erziehungsberechtigten erfolgt.<\/p>\n\n\n\n<p>3.5&nbsp;Sollten BeraterInnen im Zuge einer Beratung zur Ansicht gelangen, dass<\/p>\n\n\n\n<p>\u2013 es einer weitergehenden pers\u00f6nlichen Beratung oder Behandlung des\/der KundIn bedarf, f\u00fcr welche die Plattform nicht geeignet ist oder<\/p>\n\n\n\n<p>\u2013 die Beratung des\/der KundIn dem Gegenstand dessen zufolge nicht zielf\u00fchrend ist wird er\/sie Boost4u \u00fcber diesen Umstand umgehend in Kenntnis setzen (die \u201eBerater-Meldung\u201c). Die Berater-Meldung erfolgt anonymisiert, unter Verwendung einer abstrakten Nutzeridentifikationsnummer (User-ID), In diesem Falle ist die weitere Nutzung der Services durch den\/die betreffende(n) KundIn nicht oder nur eingeschr\u00e4nkt m\u00f6glich.<\/p>\n\n\n\n<p>3.6&nbsp;KundInnen k\u00f6nnen ihren Nutzeraccount ohne Angabe von Gr\u00fcnden jederzeit l\u00f6schen.<\/p>\n\n\n\n<h3 class=\"wp-block-heading\">4. Services von Boost4u und Verschl\u00fcsselung<\/h3>\n\n\n\n<p>4.1&nbsp;Die Services von Boost4u bestehen unter anderem in (i) der Vermittlung von Kontakten zwischen beratenden NutzerInnen der Plattform (im Folgenden \u201eBeraterInnen\u201c) und ratsuchenden NutzerInnen der Plattform (im Folgenden \u201eKundInnen\u201c), sowie (ii) der Bereitstellung ad\u00e4quater Kommunikationswege f\u00fcr BeraterInnen und KundInnen im Hinblick auf eine digitale Inanspruchnahme begleitender Beratungsleistungen und (iii) ggf. der zur Bereitstellung von Online Inhalten (z.B. \u00dcbungen und Aufkl\u00e4rung).<\/p>\n\n\n\n<p>4.2&nbsp;Boost4u garantiert den &nbsp;vertraulichen Umgang mit Nutzerdaten. Jede direkte Kommunikation zwischen KundInnen und BeraterInnen erfolgt verschl\u00fcsselt, so dass Boost4u \u2013 als Betreiber der Plattform \u2013 keinen Zugang zu diesen Kommunikationsinhalten (z.B. Videogespr\u00e4che) hat. Sichergestellt wird diese verbindliche Vertraulichkeit durch ein Verschl\u00fcsselungssystem (im Folgenden die \u201eBoost4u-Verschl\u00fcsselung\u201c). Durch die Boost4u Verschl\u00fcsselung wird den BeraterInnen und KundInnen bereits im Zuge der Registrierung auf der Plattform ein individueller (Zugangs-) Code \/-schl\u00fcssel (der \u201eNutzerschl\u00fcssel\u201c; OTP) zugewiesen. Jede direkte Kommunikation zwischen KundInnen und deren BeraterInnen erfolgt sodann ausschlie\u00dflich mittels Boost4u Verschl\u00fcsselung, wodurch der vertrauliche Austausch sichergestellt werden kann.<\/p>\n\n\n\n<p>Mehr Information zur Verwendung und Verarbeitung der Daten sind in der Datenschutzerkl\u00e4rung (abrufbar unter&nbsp;<a href=\"https:\/\/boost4u.io\/datenschutzerklaerung\/\">https:\/\/boost4u.io\/datenschutzerklaerung\/<\/a>&nbsp;hinterlegt. Die Offenlegung eines Nutzerschl\u00fcssels sowie dessen Verwendung durch Boost4u erfordert stets die pers\u00f6nliche Zustimmung des Kunden. Lediglich in F\u00e4llen von akuter Selbst- und\/oder Fremdgef\u00e4hrdung oder Anspr\u00fcchen von Boost4u gegen die KundInnen (z.B. bei Nichtbezahlung der Services) kann Boost4u in Abstimmung mit dem Boost4u Beirat die Freigabe eines Nutzerschl\u00fcssels, zur Identifikation der KundInnen, fordern.<\/p>\n\n\n\n<p>In diesem Fall hat der Boost4u Beirat die Notwendigkeit sowie den Zweck der Offenlegung zu dokumentieren und gegen\u00fcber der\/dem betroffenen KundIn offen zu legen.<\/p>\n\n\n\n<p>Der Boost4u Beirat stellt die Qualit\u00e4t der Services sicher und treibt die wissenschaftliche Weiterentwicklung von Boost4u voran. Mehr Informationen zum Boost4u Beirat gibt es auf der Website&nbsp;<a href=\"https:\/\/boost4u.io\/\">https:\/\/boost4u.io<\/a>.<\/p>\n\n\n\n<h3 class=\"wp-block-heading\">5. Rechte an Inhalten \/ Haftung f\u00fcr Inhalte<\/h3>\n\n\n\n<p>5.1&nbsp;Unter \u201eInhalte\u201c sind s\u00e4mtliche Informationen und Daten aber auch Medien, so Videos, Musik, T\u00f6ne, Texte, Fotos, Bilder, Grafiken, Zeichnungen, Software, Hyperlinks etc. zu verstehen, die den KundInnen (durch Boost4YOU S.A.R.L (\u201eBoost4uinhalte\u201c) oder durch BeraterInnen (\u201eBeraterinhalte\u201c) auf der Plattform zur Verf\u00fcgung gestellt werden oder die die KundInnen selbst auf die Plattform hochladen (\u201eKundeninhalte\u201c) bzw. hochladen k\u00f6nnen.<\/p>\n\n\n\n<p>5.2&nbsp;Alle Rechte an Inhalten, die den KundInnen zur Verf\u00fcgung gestellt werden (ein-schlie\u00dflich des Designs, des Layouts und des Programmcodes der Website bzw. Applikation und der Services), liegen allein bei Boost4u, bei BeraterInnen oder Dritten, welche die Inhalte an Boost4u lizenziert haben. Boost4u erteilt den registrierten KundInnen das beschr\u00e4nkte, nicht-exklusive, nicht \u00fcbertragbare und nicht unterlizenzierbare Recht, die zur Verf\u00fcgung gestellten Inhalte ausschlie\u00dflich im Rahmen der Services und f\u00fcr den privaten Gebrauch zu nutzen. KundInnen sind nicht berechtigt, die zur Verf\u00fcgung gestellten Inhalte \u00fcber den bestimmungsgem\u00e4\u00dfen privaten Gebrauch hinaus f\u00fcr andere Zwecke zu nutzen.<\/p>\n\n\n\n<p>5.3&nbsp;Boost4u kann keine Gew\u00e4hr daf\u00fcr leisten, dass die Beraterinhalte richtig, aktuell, fehlerfrei, sowie im Einklang mit allen anwendbaren gesetzlichen Bestimmungen und\/oder frei von Rechten Dritter sind.<\/p>\n\n\n\n<p>Die Gew\u00e4hrleistung und Haftung von Boost4u f\u00fcr Sch\u00e4den im Zusammenhang mit Beraterinhalten ist , soweit gesetzlich zul\u00e4ssig, ausgeschlossen.<\/p>\n\n\n\n<h3 class=\"wp-block-heading\">6. Gew\u00e4hrleistungs- und Haftungsausschluss<\/h3>\n\n\n\n<p>6.1&nbsp;Boost4u haftet f\u00fcr sich oder seine Erf\u00fcllungsgehilfen nur f\u00fcr Sch\u00e4den, die aufgrund grober Fahrl\u00e4ssigkeit oder im Vorsatz entstehen. In solchen F\u00e4llen richtet sich die Haftung nach den anwendbaren gesetzlichen Bestimmungen. Die Haftung f\u00fcr Sch\u00e4den aufgrund leichter Fahrl\u00e4ssigkeit, sowie f\u00fcr Folgesch\u00e4den, entgangene Gewinne, Datenverlust oder sonstige indirekte oder mittelbare Sch\u00e4den ist somit ausgeschlossen.<\/p>\n\n\n\n<p>6.2&nbsp;Die in diesem Punkt 6 vereinbarten Haftungsbeschr\u00e4nkungen gelten f\u00fcr sowohl vertragliche als auch au\u00dfervertragliche Anspr\u00fcche. Die Haftung aufgrund zwingender gesetzlicher Vorschriften (z.B. Personensch\u00e4den) bleibt hiervon jedoch unber\u00fchrt.<\/p>\n\n\n\n<p>6.3&nbsp;Im Rahmen der Services k\u00f6nnen ggf. Hyperlinks zu Websites Dritter enthalten sein. Wenn NutzerInnen auf Websites Dritter zugreift, geschieht das stets auf eigene Verantwortung.<\/p>\n\n\n\n<p>Die entsprechenden Websites unterliegen nicht der Kontrolle von Boost4u und NutzerInnen akzeptieren hiermit, dass Boost4u weder f\u00fcr Inhalte, Funktionalit\u00e4t, Informationen, Richtigkeit , noch Rechtm\u00e4\u00dfigkeit oder sonstige Aspekte solcher externer Websites verantwortlich ist.<\/p>\n\n\n\n<p>Die Einbeziehung solcher Hyperlinks bedeutet in keiner Weise, dass Boost4u die jeweiligen Websites unterst\u00fctzt oder mit deren Betreibern in irgendeiner Weise in direkter oder indirekter Verbindung steht. Boost4u \u00fcbernimmt keine Haftung f\u00fcr Sch\u00e4den oder Verluste, die dem Nutzer durch oder im Zusammenhang mit der Nutzung solcher Hyperlinks oder der durch diese Hyperlinks referenzierten, externen Websites entstehen.<\/p>\n\n\n\n<p>6.4&nbsp;Boost4u kann auch gew\u00e4hrleisten, dass der Zugang zur Plattform jederzeit, ohne Unterbrechung und hierbei fehlerfrei m\u00f6glich ist. Boost4u haftet nicht f\u00fcr kurzfristige Unterbrechungen, Ver\u00e4nderungen oder Beendigung der Services oder bestimmter Funktionalit\u00e4ten.<\/p>\n\n\n\n<p>Boost4u haftet nicht f\u00fcr St\u00f6rungen bzw. Beeintr\u00e4chtigungen, die nicht in der Sph\u00e4re von Boost4u liegen. Der Nutzer ist daher f\u00fcr eine regelm\u00e4\u00dfige Aktualisierung der von ihm verwendeten Software, die regelm\u00e4\u00dfige Datensicherung, einen zeitgem\u00e4\u00dfen Virenschutz und effektive Firewall-Systeme selbst verantwortlich.<\/p>\n\n\n\n<p>6.5&nbsp;Der Beratungsvertrag besteht im Verh\u00e4ltnis BeraterInnen und KundInnen und die Beratungsleistung wird ausschlie\u00dflich und nur im Verh\u00e4ltnis zwischen BeraterInnen und KundInnen erbracht (siehe oben Pkt 1.4). Eine Haftung von Boost4u f\u00fcr alle Anspr\u00fcche, die sich aus dem zwischen BeraterInnen und KundInnen geschlossenen Vertrag ergeben, ist somit ausgeschlossen.<\/p>\n\n\n\n<p>6.6&nbsp;F\u00fcr Qualit\u00e4tsm\u00e4ngel und Verbindungsabbr\u00fcche, die ihre Ursache au\u00dferhalb des technischen Einflussbereiches von Boost4u haben und deren Eintritt Boost4u auch nicht zu vertreten hat, kann keine Gew\u00e4hrleistung \u00fcbernommen werden.<\/p>\n\n\n\n<h3 class=\"wp-block-heading\">7. Technische Voraussetzungen<\/h3>\n\n\n\n<p>7.1&nbsp;F\u00fcr die Nutzung der Services sind ein Internetzugang sowie ein entsprechendes, Endger\u00e4t samt Browser oder Mobil Anwendung notwendig, die \u00fcber die technischen Kapazit\u00e4ten f\u00fcr die grafische Darstellung der Plattform, sowie \u00fcber einen Zugang zum jeweiligen App-Store verf\u00fcgen. Bei der Nutzung der Services entsteht ein erhebliches Datenvolumen, was insbesondere bei mobiler Nutzung Kosten verursachen kann. Die den KundInnen in Zusammenhang mit der Nutzung der Services entstehenden Kosten f\u00fcr Internet-Datenverkehr tragen diese selbst.<\/p>\n\n\n\n<p>7.2&nbsp;NutzerInnen ist bekannt, dass aufgrund der technischen Gegebenheiten des Internets niemals ein vollst\u00e4ndiger Schutz vor Viren, Trojanern, Spyware etc. bestehen kann. Boost4u kann diesen Schutz daher auch nicht gew\u00e4hrleisten.<\/p>\n\n\n\n<h3 class=\"wp-block-heading\">8. Entgelt, Zahlungsbedingungen<\/h3>\n\n\n\n<p>8.1&nbsp;Die Services von Boost4u sind nicht kostenpflichtig, wobei f\u00fcr die Inanspruchnahme von Beratungsleistungen (BeraterInnen zu KundInnen) Kosten f\u00e4llig werden. KundInnen bezahlen diese mittels Zahlungsmittel (Kreditkarte, Paypal, etc.)<\/p>\n\n\n\n<p>Die genauen Zahlungsmodalit\u00e4ten sowie das konkrete Vertragsmodell werden bei Vertragsabschluss auf der Website \/ in der App vereinbart. Im Zuge der Registrierung auf der Plattform erkl\u00e4ren sich die KundInnen mit dem Serviceentgelt, dem zugrundeliegenden Preismodell sowie den Zahlungsbedingungen von Boost4u, jeweils ersichtlich unter&nbsp;<a href=\"https:\/\/boost4u.io\/preise\">https:\/\/boost4u.io\/preise<\/a>&nbsp;, ausdr\u00fccklich einverstanden. Die Bezahlung erfolgt \u00fcber einen externen Zahlungsanbieter.<\/p>\n\n\n\n<p>8.2&nbsp;Sofern keine gesonderten Zahlungskonditionen vereinbart wurden, sind Entgeltforderungen sofort &nbsp;nach Zugang der elektronischen Bestellbest\u00e4tigung durch KundInnen zahlbar. Der Rechnungsbetrag muss sp\u00e4testens zum F\u00e4lligkeitstermin beim betreffenden Zahlungsempf\u00e4nger gutgeschrieben sein..<\/p>\n\n\n\n<p>8.3&nbsp;Die Bezahlung durch die KundInnen erfolgt \u00fcber einen Zahlungsanbieter, der die Daten des zahlenden Nutzers nur an Boost4u weitergibt.<\/p>\n\n\n\n<p>8.4&nbsp;Als Zahlungsarten werden Kreditkarte und Online-Bezahlsysteme (wie Paypal) verwendet.<\/p>\n\n\n\n<h3 class=\"wp-block-heading\">9. Dauer und Beendigung des Vertrages<\/h3>\n\n\n\n<p>Der Vertrag wird auf bestimmte Dauer (Dauer der direkten Beratungsleistumg) geschlossen.<\/p>\n\n\n\n<h3 class=\"wp-block-heading\">10. Sonstiges&nbsp;<\/h3>\n\n\n\n<p>10.1&nbsp;Jede \u00c4nderung und\/oder Erg\u00e4nzung dieser Nutzungsbedingungen bed\u00fcrfen der Schriftform. Dies gilt auch f\u00fcr ein Abgehen des Schriftformerfordernisses. E-Mail gilt hierbei als Schriftform; Mitteilungen von Boost4u an die KundInnen erfolgen an die von den KundInnen bei Registrierung oder im Zuge einer Aktualisierung des Nutzeraccounts angegebenen E-Mail-Adresse.<\/p>\n\n\n\n<p>10.2&nbsp;Es gilt ausschlie\u00dflich luxemburgisches, als europ\u00e4isches Recht. Ausschlie\u00dflicher Gerichtsstand ist, soweit gesetzlich zul\u00e4ssig, das sachlich und \u00f6rtlich zust\u00e4ndige Gericht in Luxembourg. Die Vertragssprache ist Deutsch oder Englisch.<\/p>\n\n\n\n<h3 class=\"wp-block-heading\">11. Beschwerdemanagement&nbsp;<\/h3>\n\n\n\n<p>KundInnenzufriedenheit hat bei Boost4u oberste Priorit\u00e4t. Sollten KundInnen aus immer den Leistungen unzufrieden sein, k\u00f6nnen sie sich jederzeit an&nbsp;<a href=\"mailto:info@boost4u.io\">info@boost4u.io<\/a>&nbsp;wenden. Die MitarbeiterInnen werden sich umgehend zur Erarbeitung einer L\u00f6sung mit den KundInnen in Verbindung setzen.<\/p>\n\t\t\t\t\t\t\t\t<\/div>\n\t\t\t\t<\/div>\n\t\t\t\t\t<\/div>\n\t\t\t\t<\/div>\n\t\t\t\t<\/div>\n\t\t","protected":false},"excerpt":{"rendered":"<p>Boost4YOU &nbsp; Allgemeine Gesch\u00e4ftsbedingungen Zuletzt ge\u00e4ndert: 14.08.2023 Willkommen bei Boost4YOU S.A.R.L Boost4YOU S.A.R.L, bieten Webseitenfunktionalit\u00e4ten und andere Produkte und Services an, wenn [&hellip;]<\/p>\n","protected":false},"author":1,"featured_media":0,"parent":0,"menu_order":0,"comment_status":"closed","ping_status":"closed","template":"","meta":{"footnotes":""},"class_list":["post-218","page","type-page","status-publish","hentry"],"_links":{"self":[{"href":"https:\/\/boost4u.io\/en\/wp-json\/wp\/v2\/pages\/218","targetHints":{"allow":["GET"]}}],"collection":[{"href":"https:\/\/boost4u.io\/en\/wp-json\/wp\/v2\/pages"}],"about":[{"href":"https:\/\/boost4u.io\/en\/wp-json\/wp\/v2\/types\/page"}],"author":[{"embeddable":true,"href":"https:\/\/boost4u.io\/en\/wp-json\/wp\/v2\/users\/1"}],"replies":[{"embeddable":true,"href":"https:\/\/boost4u.io\/en\/wp-json\/wp\/v2\/comments?post=218"}],"version-history":[{"count":9,"href":"https:\/\/boost4u.io\/en\/wp-json\/wp\/v2\/pages\/218\/revisions"}],"predecessor-version":[{"id":1874,"href":"https:\/\/boost4u.io\/en\/wp-json\/wp\/v2\/pages\/218\/revisions\/1874"}],"wp:attachment":[{"href":"https:\/\/boost4u.io\/en\/wp-json\/wp\/v2\/media?parent=218"}],"curies":[{"name":"wp","href":"https:\/\/api.w.org\/{rel}","templated":true}]}}