{"id":2105,"date":"2025-04-13T17:26:33","date_gmt":"2025-04-13T16:26:33","guid":{"rendered":"https:\/\/boost4u.io\/?page_id=2105"},"modified":"2025-05-15T10:45:03","modified_gmt":"2025-05-15T09:45:03","slug":"psychological-online-counseling","status":"publish","type":"page","link":"https:\/\/boost4u.io\/en\/psychologische-online-beratung\/","title":{"rendered":"Psychological online counseling"},"content":{"rendered":"<div data-elementor-type=\"wp-page\" data-elementor-id=\"2105\" class=\"elementor elementor-2105\" data-elementor-settings=\"{&quot;element_pack_global_tooltip_width&quot;:{&quot;unit&quot;:&quot;px&quot;,&quot;size&quot;:&quot;&quot;,&quot;sizes&quot;:[]},&quot;element_pack_global_tooltip_width_tablet&quot;:{&quot;unit&quot;:&quot;px&quot;,&quot;size&quot;:&quot;&quot;,&quot;sizes&quot;:[]},&quot;element_pack_global_tooltip_width_mobile&quot;:{&quot;unit&quot;:&quot;px&quot;,&quot;size&quot;:&quot;&quot;,&quot;sizes&quot;:[]},&quot;element_pack_global_tooltip_padding&quot;:{&quot;unit&quot;:&quot;px&quot;,&quot;top&quot;:&quot;&quot;,&quot;right&quot;:&quot;&quot;,&quot;bottom&quot;:&quot;&quot;,&quot;left&quot;:&quot;&quot;,&quot;isLinked&quot;:true},&quot;element_pack_global_tooltip_padding_tablet&quot;:{&quot;unit&quot;:&quot;px&quot;,&quot;top&quot;:&quot;&quot;,&quot;right&quot;:&quot;&quot;,&quot;bottom&quot;:&quot;&quot;,&quot;left&quot;:&quot;&quot;,&quot;isLinked&quot;:true},&quot;element_pack_global_tooltip_padding_mobile&quot;:{&quot;unit&quot;:&quot;px&quot;,&quot;top&quot;:&quot;&quot;,&quot;right&quot;:&quot;&quot;,&quot;bottom&quot;:&quot;&quot;,&quot;left&quot;:&quot;&quot;,&quot;isLinked&quot;:true},&quot;element_pack_global_tooltip_border_radius&quot;:{&quot;unit&quot;:&quot;px&quot;,&quot;top&quot;:&quot;&quot;,&quot;right&quot;:&quot;&quot;,&quot;bottom&quot;:&quot;&quot;,&quot;left&quot;:&quot;&quot;,&quot;isLinked&quot;:true},&quot;element_pack_global_tooltip_border_radius_tablet&quot;:{&quot;unit&quot;:&quot;px&quot;,&quot;top&quot;:&quot;&quot;,&quot;right&quot;:&quot;&quot;,&quot;bottom&quot;:&quot;&quot;,&quot;left&quot;:&quot;&quot;,&quot;isLinked&quot;:true},&quot;element_pack_global_tooltip_border_radius_mobile&quot;:{&quot;unit&quot;:&quot;px&quot;,&quot;top&quot;:&quot;&quot;,&quot;right&quot;:&quot;&quot;,&quot;bottom&quot;:&quot;&quot;,&quot;left&quot;:&quot;&quot;,&quot;isLinked&quot;:true}}\" data-elementor-post-type=\"page\">\n\t\t\t\t<div class=\"elementor-element elementor-element-85bf795 e-grid e-con-boxed e-con e-parent\" data-id=\"85bf795\" data-element_type=\"container\" data-e-type=\"container\">\n\t\t\t\t\t<div class=\"e-con-inner\">\n\t\t<div class=\"elementor-element elementor-element-b3c9058 e-flex e-con-boxed e-con e-child\" data-id=\"b3c9058\" data-element_type=\"container\" data-e-type=\"container\">\n\t\t\t\t\t<div class=\"e-con-inner\">\n\t\t\t\t<div class=\"elementor-element elementor-element-da527ea elementor-widget elementor-widget-image\" data-id=\"da527ea\" data-element_type=\"widget\" data-e-type=\"widget\" data-widget_type=\"image.default\">\n\t\t\t\t<div class=\"elementor-widget-container\">\n\t\t\t\t\t\t\t\t\t\t\t\t\t\t\t<img fetchpriority=\"high\" decoding=\"async\" width=\"300\" height=\"300\" src=\"https:\/\/boost4u.io\/wp-content\/uploads\/2025\/04\/Jugendliche-300x300.png\" class=\"attachment-medium size-medium wp-image-2075\" alt=\"Psychological online counseling\" srcset=\"https:\/\/boost4u.io\/wp-content\/uploads\/2025\/04\/Jugendliche-300x300.png 300w, https:\/\/boost4u.io\/wp-content\/uploads\/2025\/04\/Jugendliche-150x150.png 150w, https:\/\/boost4u.io\/wp-content\/uploads\/2025\/04\/Jugendliche-768x768.png 768w, https:\/\/boost4u.io\/wp-content\/uploads\/2025\/04\/Jugendliche-12x12.png 12w, https:\/\/boost4u.io\/wp-content\/uploads\/2025\/04\/Jugendliche-650x650.png 650w, https:\/\/boost4u.io\/wp-content\/uploads\/2025\/04\/Jugendliche.png 1000w\" sizes=\"(max-width: 300px) 100vw, 300px\" \/>\t\t\t\t\t\t\t\t\t\t\t\t\t\t\t<\/div>\n\t\t\t\t<\/div>\n\t\t\t\t<div class=\"elementor-element elementor-element-e0d4e85 elementor-widget elementor-widget-heading\" data-id=\"e0d4e85\" data-element_type=\"widget\" data-e-type=\"widget\" data-widget_type=\"heading.default\">\n\t\t\t\t<div class=\"elementor-widget-container\">\n\t\t\t\t\t<h2 class=\"elementor-heading-title elementor-size-default\">Online psychological counseling for young people<\/h2>\t\t\t\t<\/div>\n\t\t\t\t<\/div>\n\t\t\t\t<div class=\"elementor-element elementor-element-ac87153 elementor-widget elementor-widget-heading\" data-id=\"ac87153\" data-element_type=\"widget\" data-e-type=\"widget\" data-widget_type=\"heading.default\">\n\t\t\t\t<div class=\"elementor-widget-container\">\n\t\t\t\t\t<p class=\"elementor-heading-title elementor-size-default\">Young people experience many things at the same time:   <\/br> Changes, new experiences, and sometimes even overwhelming. When arguments arise with friends or at home, when questions about one&#039;s own identity arise, or when everything simply becomes too much, it can be stressful. <\/p>\t\t\t\t<\/div>\n\t\t\t\t<\/div>\n\t\t\t\t<div class=\"elementor-element elementor-element-b361aea elementor-widget__width-inherit elementor-widget elementor-widget-heading\" data-id=\"b361aea\" data-element_type=\"widget\" data-e-type=\"widget\" data-widget_type=\"heading.default\">\n\t\t\t\t<div class=\"elementor-widget-container\">\n\t\t\t\t\t<h4 class=\"elementor-heading-title elementor-size-default\"><a href=\"https:\/\/boost4u.io\/en\/psychological-online-counseling-for-teenagers\/\">Continue reading &quot; <\/a><\/h4>\t\t\t\t<\/div>\n\t\t\t\t<\/div>\n\t\t\t\t\t<\/div>\n\t\t\t\t<\/div>\n\t\t<div class=\"elementor-element elementor-element-a24b1ae e-con-full e-flex e-con e-child\" data-id=\"a24b1ae\" data-element_type=\"container\" data-e-type=\"container\">\n\t\t\t\t<div class=\"elementor-element elementor-element-09bf050 elementor-widget elementor-widget-image\" data-id=\"09bf050\" data-element_type=\"widget\" data-e-type=\"widget\" data-widget_type=\"image.default\">\n\t\t\t\t<div class=\"elementor-widget-container\">\n\t\t\t\t\t\t\t\t\t\t\t\t\t\t\t<img decoding=\"async\" width=\"300\" height=\"300\" src=\"https:\/\/boost4u.io\/wp-content\/uploads\/2025\/04\/Erwachsene-300x300.png\" class=\"attachment-medium size-medium wp-image-2118\" alt=\"Psychological online counseling\" srcset=\"https:\/\/boost4u.io\/wp-content\/uploads\/2025\/04\/Erwachsene-300x300.png 300w, https:\/\/boost4u.io\/wp-content\/uploads\/2025\/04\/Erwachsene-150x150.png 150w, https:\/\/boost4u.io\/wp-content\/uploads\/2025\/04\/Erwachsene-768x768.png 768w, https:\/\/boost4u.io\/wp-content\/uploads\/2025\/04\/Erwachsene-12x12.png 12w, https:\/\/boost4u.io\/wp-content\/uploads\/2025\/04\/Erwachsene-650x650.png 650w, https:\/\/boost4u.io\/wp-content\/uploads\/2025\/04\/Erwachsene.png 1000w\" sizes=\"(max-width: 300px) 100vw, 300px\" \/>\t\t\t\t\t\t\t\t\t\t\t\t\t\t\t<\/div>\n\t\t\t\t<\/div>\n\t\t\t\t<div class=\"elementor-element elementor-element-d8f0a19 elementor-widget elementor-widget-heading\" data-id=\"d8f0a19\" data-element_type=\"widget\" data-e-type=\"widget\" data-widget_type=\"heading.default\">\n\t\t\t\t<div class=\"elementor-widget-container\">\n\t\t\t\t\t<h2 class=\"elementor-heading-title elementor-size-default\">\nOnline psychological counseling for adults\n<\/h2>\t\t\t\t<\/div>\n\t\t\t\t<\/div>\n\t\t\t\t<div class=\"elementor-element elementor-element-7b88f08 elementor-widget elementor-widget-heading\" data-id=\"7b88f08\" data-element_type=\"widget\" data-e-type=\"widget\" data-widget_type=\"heading.default\">\n\t\t\t\t<div class=\"elementor-widget-container\">\n\t\t\t\t\t<p class=\"elementor-heading-title elementor-size-default\">There are times in life when everything just becomes too much. Your job is more demanding than ever, there are tensions in your relationship, or worries that keep bothering you. In such moments, it&#039;s a relief to talk to someone who listens, understands, and works with you to find solutions. <\/p>\t\t\t\t<\/div>\n\t\t\t\t<\/div>\n\t\t\t\t<div class=\"elementor-element elementor-element-cde20be elementor-widget__width-inherit elementor-widget elementor-widget-heading\" data-id=\"cde20be\" data-element_type=\"widget\" data-e-type=\"widget\" data-widget_type=\"heading.default\">\n\t\t\t\t<div class=\"elementor-widget-container\">\n\t\t\t\t\t<h4 class=\"elementor-heading-title elementor-size-default\"><a href=\"https:\/\/boost4u.io\/en\/psychologische-online-beratung-fuer-erwachsene\/\">Continue reading &quot; <\/a><\/h4>\t\t\t\t<\/div>\n\t\t\t\t<\/div>\n\t\t\t\t<\/div>\n\t\t<div class=\"elementor-element elementor-element-ec11531 e-con-full e-flex e-con e-child\" data-id=\"ec11531\" data-element_type=\"container\" data-e-type=\"container\">\n\t\t\t\t<div class=\"elementor-element elementor-element-b7f546e elementor-widget elementor-widget-image\" data-id=\"b7f546e\" data-element_type=\"widget\" data-e-type=\"widget\" data-widget_type=\"image.default\">\n\t\t\t\t<div class=\"elementor-widget-container\">\n\t\t\t\t\t\t\t\t\t\t\t\t\t\t\t<img decoding=\"async\" width=\"300\" height=\"300\" src=\"https:\/\/boost4u.io\/wp-content\/uploads\/2025\/04\/Eltern-300x300.png\" class=\"attachment-medium size-medium wp-image-2137\" alt=\"Psychological online counseling\" srcset=\"https:\/\/boost4u.io\/wp-content\/uploads\/2025\/04\/Eltern-300x300.png 300w, https:\/\/boost4u.io\/wp-content\/uploads\/2025\/04\/Eltern-150x150.png 150w, https:\/\/boost4u.io\/wp-content\/uploads\/2025\/04\/Eltern-768x768.png 768w, https:\/\/boost4u.io\/wp-content\/uploads\/2025\/04\/Eltern-12x12.png 12w, https:\/\/boost4u.io\/wp-content\/uploads\/2025\/04\/Eltern-650x650.png 650w, https:\/\/boost4u.io\/wp-content\/uploads\/2025\/04\/Eltern.png 1000w\" sizes=\"(max-width: 300px) 100vw, 300px\" \/>\t\t\t\t\t\t\t\t\t\t\t\t\t\t\t<\/div>\n\t\t\t\t<\/div>\n\t\t\t\t<div class=\"elementor-element elementor-element-b47ae5d elementor-widget elementor-widget-heading\" data-id=\"b47ae5d\" data-element_type=\"widget\" data-e-type=\"widget\" data-widget_type=\"heading.default\">\n\t\t\t\t<div class=\"elementor-widget-container\">\n\t\t\t\t\t<h2 class=\"elementor-heading-title elementor-size-default\">\nPsychological online counseling for parents\n<\/h2>\t\t\t\t<\/div>\n\t\t\t\t<\/div>\n\t\t\t\t<div class=\"elementor-element elementor-element-8e13469 elementor-widget elementor-widget-heading\" data-id=\"8e13469\" data-element_type=\"widget\" data-e-type=\"widget\" data-widget_type=\"heading.default\">\n\t\t\t\t<div class=\"elementor-widget-container\">\n\t\t\t\t\t<p class=\"elementor-heading-title elementor-size-default\">Raising a child can often be difficult, especially when there are conflicts at home or you feel like you&#039;re no longer able to connect with your child. You wonder if you&#039;re doing everything right. When worries and questions grow, it&#039;s helpful to talk to someone about it. <\/p>\t\t\t\t<\/div>\n\t\t\t\t<\/div>\n\t\t\t\t<div class=\"elementor-element elementor-element-f43ae3a elementor-widget__width-inherit elementor-widget elementor-widget-heading\" data-id=\"f43ae3a\" data-element_type=\"widget\" data-e-type=\"widget\" data-widget_type=\"heading.default\">\n\t\t\t\t<div class=\"elementor-widget-container\">\n\t\t\t\t\t<h4 class=\"elementor-heading-title elementor-size-default\"><a href=\"https:\/\/boost4u.io\/en\/psychological-online-counseling-for-parents\/\">Continue reading &quot; <\/a><\/h4>\t\t\t\t<\/div>\n\t\t\t\t<\/div>\n\t\t\t\t<\/div>\n\t\t\t\t\t<\/div>\n\t\t\t\t<\/div>\n\t\t\t\t<\/div>","protected":false},"excerpt":{"rendered":"<p>Psychologische Online Beratung f\u00fcr Jugendliche Jugendliche erleben vieles gleichzeitig: Ver\u00e4nderungen, neue Erfahrungen, manchmal auch \u00dcberforderung. Wenn es dann Streit gibt mit Freundinnen, [&hellip;]<\/p>\n","protected":false},"author":3,"featured_media":0,"parent":0,"menu_order":0,"comment_status":"closed","ping_status":"closed","template":"","meta":{"footnotes":""},"class_list":["post-2105","page","type-page","status-publish","hentry"],"_links":{"self":[{"href":"https:\/\/boost4u.io\/en\/wp-json\/wp\/v2\/pages\/2105","targetHints":{"allow":["GET"]}}],"collection":[{"href":"https:\/\/boost4u.io\/en\/wp-json\/wp\/v2\/pages"}],"about":[{"href":"https:\/\/boost4u.io\/en\/wp-json\/wp\/v2\/types\/page"}],"author":[{"embeddable":true,"href":"https:\/\/boost4u.io\/en\/wp-json\/wp\/v2\/users\/3"}],"replies":[{"embeddable":true,"href":"https:\/\/boost4u.io\/en\/wp-json\/wp\/v2\/comments?post=2105"}],"version-history":[{"count":71,"href":"https:\/\/boost4u.io\/en\/wp-json\/wp\/v2\/pages\/2105\/revisions"}],"predecessor-version":[{"id":2301,"href":"https:\/\/boost4u.io\/en\/wp-json\/wp\/v2\/pages\/2105\/revisions\/2301"}],"wp:attachment":[{"href":"https:\/\/boost4u.io\/en\/wp-json\/wp\/v2\/media?parent=2105"}],"curies":[{"name":"wp","href":"https:\/\/api.w.org\/{rel}","templated":true}]}}